{"id":28,"date":"2013-07-25T19:33:50","date_gmt":"2013-07-25T19:33:50","guid":{"rendered":"http:\/\/leopoldaltenburg.com\/?page_id=28"},"modified":"2021-09-22T18:17:26","modified_gmt":"2021-09-22T16:17:26","slug":"theater","status":"publish","type":"page","link":"http:\/\/leopoldaltenburg.com\/?page_id=28","title":{"rendered":"Theater"},"content":{"rendered":"\n<p><strong>2021<\/strong>                    <strong>Bis dass dein Tod uns scheidet<\/strong><br>                            von Lars Lienen<br>                            als Buttler Ruppert<br>                            Regie: Axel Poike<br>                            Theater am Wandlitzsee<\/p>\n\n\n<table style=\"height: 3171px;\" border=\"0\" width=\"610\" cellspacing=\"0\" cellpadding=\"0\">\n<tbody>\n<tr valign=\"top\">\n<td><strong>2013<\/strong><\/td>\n<td><strong>Das doppelte Lottchen<\/strong><br \/>von Erich K\u00e4stner, Textfassung Matto K\u00e4mpf<br \/>als Ludwig Palfy<br \/>Regie: Lilian Steffens, Lena Lessing<br \/>Weltalm Theater, Bern<\/td>\n<\/tr>\n<tr valign=\"top\">\n<td><strong>2012<\/strong><\/td>\n<td><strong>Don Giovanni con Gusto<\/strong><br \/>von Wolfgang Amadeus Mozart<br \/>als Leporello, Don Ottavio<br \/>Regie: Leopold Altenburg<br \/>Sommerserenade Graz<\/td>\n<\/tr>\n<tr valign=\"top\">\n<td><strong>2011<\/strong><\/td>\n<td><strong>Tannh\u00e4user &#8211; Eine Parodie<\/strong><br \/>von H. N. Nestroy<br \/>als Landgraf Purzel<br \/>Regie: Leopold Altenburg<br \/>Sommerserenade Graz<\/td>\n<\/tr>\n<tr valign=\"top\">\n<td><strong>2010<\/strong><\/td>\n<td><strong>Bastein und Bastienne<\/strong><br \/>von W. A. Mozart<br \/>als Colas<br \/>Regie: Leopold Altenburg<br \/>Sommerserenade Graz<\/td>\n<\/tr>\n<tr valign=\"top\">\n<td><strong>2010<\/strong><\/td>\n<td><strong>Der Kaufmann von Venedig<\/strong><br \/>von William Shakespeare<br \/>als als Lanzelot, Antonio, Porzia u.a.<br \/>Regie: Severin von Hoensbroech<br \/>fringe-ensemble, Bonn<\/td>\n<\/tr>\n<tr valign=\"top\">\n<td><strong>2009<\/strong><\/td>\n<td><strong>Ribbecker Sommernacht, Poet im Boot<\/strong><br \/>Gedichte von Georg Kreisler, Heinrich Heine, Thorsten Wadowski u.a.<\/td>\n<\/tr>\n<tr valign=\"top\">\n<td><strong>2005<\/strong><\/td>\n<td><strong>Kredit f\u00fcr Taslima<\/strong><br \/>von H. G. Fries<br \/>als Karl M. L\u00fcndgens<br \/>Regie: Elke Schuster<br \/>Berliner Compagnie<\/td>\n<\/tr>\n<tr valign=\"top\">\n<td><strong>2004<\/strong><\/td>\n<td><strong>Romeo und Julia<\/strong><br \/>von William Shakespeare<br \/>als Capulet<br \/>Regie: Jan Zimmermann<br \/>Hexenkessel Hoftheater, Monbijourpark, Berlin<\/td>\n<\/tr>\n<tr valign=\"top\">\n<td><strong>2003<\/strong><\/td>\n<td><strong>Der Wal &#8211; Reise ins Innere des Orchesters<\/strong><br \/>Text und Regie: Annette Bieker und Frank Schulz<br \/>als Komponist<br \/>Theater Kontra &#8211; Punkt, D\u00fcsseldorf<br \/>(Im Wettbewerb beim Festival: Theaterzwang 04)<\/td>\n<\/tr>\n<tr valign=\"top\">\n<td><strong>Mai 1998 bis Sep. 2002<\/strong><\/td>\n<td><strong>Theaterlabor in Bielefeld<\/strong><\/td>\n<\/tr>\n<tr valign=\"top\">\n<td><strong>2002<\/strong><\/td>\n<td><strong>Macbeth<\/strong><br \/>von William Shakespeare<br \/>als Macbeth<br \/>Regie: Leopold Altenburg<br \/>Parkbespielung<\/td>\n<\/tr>\n<tr valign=\"top\">\n<td><strong>2001<\/strong><\/td>\n<td><strong>Halbtotale<\/strong><br \/>Comedy<br \/>Regie: Siegmar Schr\u00f6derTanz an der Mauer<br \/>Eine theatralische Begegnung mit dem Maler Felix Nussbaum<br \/>Regie: Siegmar Schr\u00f6der<\/td>\n<\/tr>\n<tr valign=\"top\">\n<td><strong>2000<\/strong><\/td>\n<td><strong>Odyssee<\/strong><br \/>Ein Schauspiel \u00fcber die Odyssee des Homer mit fahrbaren Zuschauertrib\u00fcnen<br \/>Regie: Siegmar Schr\u00f6der\n<p>\u00a0<\/p>\n<p><strong>Archipel des gelobten Landes<\/strong><br \/>als Faust<br \/>Regie: Zdzislaw Hejduk<br \/>Co-Produktion mit dem Teatr 77 in Lodz ( Polen )<\/p>\n<\/td>\n<\/tr>\n<tr valign=\"top\">\n<td><strong>1999<\/strong><\/td>\n<td><strong>Ab in die Mitte<\/strong><br \/>Stra\u00dfentheateraktionen und Walk Acts in der Mindener Innenstadt<br \/>Regie: Siegmar Schr\u00f6der\n<p>\u00a0<\/p>\n<p><strong>Somnambul &#8211; eine phantastische Reise in die Nacht<\/strong><br \/>Theaterspektakel zur Wiederer\u00f6ffnung des Bauernhausmuseums in Bielefeld<br \/>Regie: Siegmar Schr\u00f6der<\/p>\n<p><strong>Jules Vernes Welt<\/strong><br \/>Eine spektakul\u00e4re Stra\u00dfentheaterproduktion mit gro\u00dfen beweglichen Objekten<br \/>Regie: Siegmar Schr\u00f6der<\/p>\n<p><strong>Macht gegen Macht<\/strong><br \/>3-t\u00e4gige Bespielung des 25. Open Ohr Festivals in Mainz mit 50 Akteuren<br \/>Regie: Siegmar Schr\u00f6der<\/p>\n<p><strong>K\u00f6nig Lear <\/strong><br \/>von William Shakespeare, als Edmund und als Graf von Kent<br \/>Regie: Mario Delgado ( Peru )<\/p>\n<\/td>\n<\/tr>\n<tr valign=\"top\">\n<td><strong>1998<\/strong><\/td>\n<td><strong>Glanz und Schmerz<\/strong><br \/>Theater zu Bildern einer Ausstellung mit Bildern aus der Renaissance f\u00fcr das<br \/>Weserrenaissance-Museum Schloss Brake<br \/>Regie: Siegmar Schr\u00f6der\n<p>\u00a0<\/p>\n<p><strong>Tor6 Performance 1<\/strong><br \/>Schmerz als Grenzerfahrung &#8211; Tatoo, Piercing, Branding<br \/>Bespielung einer alten Ausstellungshalle der D\u00fcrkoppwerke Bielefeld<br \/>Regie: Siegmar Schr\u00f6der<\/p>\n<p><strong>1200 Jahre Minden<\/strong><br \/>Inszenierung f\u00fcr zwei gro\u00dfe Pl\u00e4tze in der Mindener Innenstadt mit 300 Mitwirkenden<br \/>Regie: Siegmar Schr\u00f6der<\/p>\n<p><strong>Barock &#8211; wie es uns gef\u00e4llt<\/strong><br \/>Ein theatralisches Feuerwerk f\u00fcr barocke Schl\u00f6sser und G\u00e4rten<br \/>Regie: Siegmar Schr\u00f6derDie Inszenierungen von Siegmar Schr\u00f6der<br \/>entstanden auf der Grundlage von Recherche, Textrecherche und k\u00f6rperintensiver Improvisation zu einem Thema.<\/p>\n<\/td>\n<\/tr>\n<tr valign=\"top\">\n<td><strong>1998<\/strong><\/td>\n<td><strong>Kanak Sprak<\/strong><br \/>Monologe von Feridun Zaimoglu<br \/>Regie: Rainer Iwersen<br \/>Junges Theater Bremen<\/td>\n<\/tr>\n<tr valign=\"top\">\n<td><strong>1997<\/strong><\/td>\n<td><strong>Insalata Mista<\/strong><br \/>von Wolfgang Bauer<br \/>als Toni<br \/>Regie: G\u00fcnther Panak<br \/>Deutschsprachige Erstauff\u00fchrung in der Arena Freie B\u00fchne Graz<\/td>\n<\/tr>\n<tr valign=\"top\">\n<td><strong>1996<\/strong><\/td>\n<td><strong>Der Alpenk\u00f6nig und der Menschenfeind<\/strong><br \/>von Ferdinand Raimund<br \/>als Alpengeist und Diener im Hause Rappelkopf<br \/>Regie: Peter Stein<br \/>Salzburger Festspiele<strong>Gott und Tod<\/strong><br \/>2 Einakter von Woody Allen<br \/>im griechischen Chor \/ T\u00e4nzer<br \/>Regie: Andreas Vitasek \/ Hakon Hirzenberger<br \/>Wiener Volkstheater<\/td>\n<\/tr>\n<\/tbody>\n<\/table>\n\n\n<p><\/p>\n","protected":false},"excerpt":{"rendered":"<p>2021 Bis dass dein Tod uns scheidet von Lars Lienen als Buttler Ruppert Regie: Axel Poike Theater am Wandlitzsee 2013 Das doppelte Lottchenvon Erich K\u00e4stner, Textfassung Matto K\u00e4mpfals Ludwig PalfyRegie: Lilian Steffens, Lena LessingWeltalm Theater, Bern 2012 Don Giovanni con &hellip; <a href=\"http:\/\/leopoldaltenburg.com\/?page_id=28\">Weiterlesen <span class=\"meta-nav\">&rarr;<\/span><\/a><\/p>\n","protected":false},"author":1,"featured_media":0,"parent":0,"menu_order":3,"comment_status":"closed","ping_status":"closed","template":"","meta":{"footnotes":""},"class_list":["post-28","page","type-page","status-publish","hentry"],"_links":{"self":[{"href":"http:\/\/leopoldaltenburg.com\/index.php?rest_route=\/wp\/v2\/pages\/28","targetHints":{"allow":["GET"]}}],"collection":[{"href":"http:\/\/leopoldaltenburg.com\/index.php?rest_route=\/wp\/v2\/pages"}],"about":[{"href":"http:\/\/leopoldaltenburg.com\/index.php?rest_route=\/wp\/v2\/types\/page"}],"author":[{"embeddable":true,"href":"http:\/\/leopoldaltenburg.com\/index.php?rest_route=\/wp\/v2\/users\/1"}],"replies":[{"embeddable":true,"href":"http:\/\/leopoldaltenburg.com\/index.php?rest_route=%2Fwp%2Fv2%2Fcomments&post=28"}],"version-history":[{"count":13,"href":"http:\/\/leopoldaltenburg.com\/index.php?rest_route=\/wp\/v2\/pages\/28\/revisions"}],"predecessor-version":[{"id":1809,"href":"http:\/\/leopoldaltenburg.com\/index.php?rest_route=\/wp\/v2\/pages\/28\/revisions\/1809"}],"wp:attachment":[{"href":"http:\/\/leopoldaltenburg.com\/index.php?rest_route=%2Fwp%2Fv2%2Fmedia&parent=28"}],"curies":[{"name":"wp","href":"https:\/\/api.w.org\/{rel}","templated":true}]}}