{"id":30,"date":"2013-07-25T19:34:06","date_gmt":"2013-07-25T19:34:06","guid":{"rendered":"http:\/\/leopoldaltenburg.com\/?page_id=30"},"modified":"2015-06-02T18:09:44","modified_gmt":"2015-06-02T16:09:44","slug":"regie","status":"publish","type":"page","link":"http:\/\/leopoldaltenburg.com\/?page_id=30","title":{"rendered":"Regie"},"content":{"rendered":"<p><strong><a href=\"http:\/\/leopoldaltenburg.com\/wp-content\/uploads\/2013\/04\/Bild-1.png\"><img loading=\"lazy\" decoding=\"async\" class=\"alignleft size-medium wp-image-562\" alt=\"Bild 1\" src=\"http:\/\/leopoldaltenburg.com\/wp-content\/uploads\/2013\/04\/Bild-1-300x252.png\" width=\"300\" height=\"252\" srcset=\"https:\/\/leopoldaltenburg.com\/wp-content\/uploads\/2013\/04\/Bild-1-300x252.png 300w, https:\/\/leopoldaltenburg.com\/wp-content\/uploads\/2013\/04\/Bild-1-150x126.png 150w, https:\/\/leopoldaltenburg.com\/wp-content\/uploads\/2013\/04\/Bild-1.png 303w\" sizes=\"auto, (max-width: 300px) 100vw, 300px\" \/><\/a>2015 Alles au\u00dfer irdisch<br \/>\n<\/strong>von und mit <a title=\"Regie Leopold Altenburg &quot;Alles au\u00dfer irdisch&quot;\" href=\"http:\/\/www.allesausserirdisch.de\/\" target=\"_blank\">Alpar Fendo<\/a><br \/>\nPremiere am 18. M\u00e4rz 2015<br \/>\nim Theater O-TonArt, Berlin<\/p>\n<p>&nbsp;<\/p>\n<p>&nbsp;<\/p>\n<p>&nbsp;<\/p>\n<p>&nbsp;<\/p>\n<p><a href=\"http:\/\/leopoldaltenburg.com\/wp-content\/uploads\/2013\/04\/1396972_551778568211215_954564710_o.jpg\"><img loading=\"lazy\" decoding=\"async\" class=\"size-medium wp-image-307 alignleft\" alt=\"Fridolin Meinl in &quot;Der Kontrabass&quot;, Regie Leopold Altenburg\" src=\"http:\/\/leopoldaltenburg.com\/wp-content\/uploads\/2013\/04\/1396972_551778568211215_954564710_o-300x200.jpg\" width=\"300\" height=\"200\" srcset=\"https:\/\/leopoldaltenburg.com\/wp-content\/uploads\/2013\/04\/1396972_551778568211215_954564710_o-300x200.jpg 300w, https:\/\/leopoldaltenburg.com\/wp-content\/uploads\/2013\/04\/1396972_551778568211215_954564710_o-1024x682.jpg 1024w, https:\/\/leopoldaltenburg.com\/wp-content\/uploads\/2013\/04\/1396972_551778568211215_954564710_o-450x300.jpg 450w, https:\/\/leopoldaltenburg.com\/wp-content\/uploads\/2013\/04\/1396972_551778568211215_954564710_o-148x98.jpg 148w, https:\/\/leopoldaltenburg.com\/wp-content\/uploads\/2013\/04\/1396972_551778568211215_954564710_o-31x20.jpg 31w, https:\/\/leopoldaltenburg.com\/wp-content\/uploads\/2013\/04\/1396972_551778568211215_954564710_o-38x25.jpg 38w, https:\/\/leopoldaltenburg.com\/wp-content\/uploads\/2013\/04\/1396972_551778568211215_954564710_o-322x215.jpg 322w, https:\/\/leopoldaltenburg.com\/wp-content\/uploads\/2013\/04\/1396972_551778568211215_954564710_o.jpg 1620w\" sizes=\"auto, (max-width: 300px) 100vw, 300px\" \/><\/a><\/p>\n<p><strong>2013 Der Kontrabass<\/strong><br \/>\nvon Patrick S\u00fcskind<br \/>\nmit <a title=\"Regie Leopold Altenburg\" href=\"http:\/\/www.fridolinmeinl.de\/\" target=\"_blank\">Fridolin Meinl<\/a><br \/>\nPremiere am 10. Oktober 2013<\/p>\n<p>&nbsp;<\/p>\n<p>&nbsp;<\/p>\n<p><img loading=\"lazy\" decoding=\"async\" class=\" wp-image-313 alignleft\" alt=\"&quot;Don Giovanni con Gusto&quot;; Regie Leopold Altenburg\" src=\"http:\/\/leopoldaltenburg.com\/wp-content\/uploads\/2013\/07\/540356_389873214401752_672208795_n-300x200.jpg\" width=\"252\" height=\"189\" \/><\/p>\n<p>&nbsp;<\/p>\n<p><strong>2012 Don Giovanni con Gusto<br \/>\n<\/strong>von Wolfgang Amadeus Mozart<br \/>\nPremiere am 28. Juli 2012<br \/>\n<a href=\"http:\/\/www.aommerserenaden.at\" target=\"_blank\">Sommerserenaden, Graz<\/a><\/p>\n<p>&nbsp;<\/p>\n<p>&nbsp;<\/p>\n<p><a href=\"http:\/\/www.sommerserenaden.at\" target=\"_blank\"><img loading=\"lazy\" decoding=\"async\" class=\"alignleft\" alt=\"parodie\" src=\"http:\/\/leopoldaltenburg.com\/wp-content\/uploads\/2013\/08\/parodie.jpg\" width=\"252\" height=\"189\" \/><\/a><strong>2011 Tannh\u00e4user &#8211; eine Parodie<\/strong><br \/>\nvon Johann Nepomuk Nestroy<br \/>\nPremiere: 28. Juli 2011,<br \/>\nSommerserenade, Graz<br \/>\n<a href=\"http:\/\/www.sommerserenaden.at\" target=\"_blank\">www.sommerserenaden.at<\/a><\/p>\n<p>&nbsp;<\/p>\n<p>&nbsp;<\/p>\n<p><a href=\"http:\/\/www.sommerserenaden.at\" target=\"_blank\"><img loading=\"lazy\" decoding=\"async\" class=\"alignleft size-full wp-image-160\" alt=\"bastien\" src=\"http:\/\/leopoldaltenburg.com\/wp-content\/uploads\/2013\/08\/bastien.jpg\" width=\"252\" height=\"189\" \/><\/a><strong>2010 Bastien und Bastienne<\/strong><br \/>\nvon W. A. Mozart<br \/>\nPremierer: 23. Juli 2010,<br \/>\nSommerserenade, Graz<br \/>\n<a href=\"http:\/\/www.sommerserenaden.at\" target=\"_blank\">www.sommerserenaden.at<\/a><\/p>\n<p>&nbsp;<\/p>\n<p>&nbsp;<\/p>\n<p><a href=\"http:\/\/www.opernpalais.de\" target=\"_blank\"><img loading=\"lazy\" decoding=\"async\" class=\"alignleft size-full wp-image-153\" alt=\"luise\" src=\"http:\/\/leopoldaltenburg.com\/wp-content\/uploads\/2013\/08\/luise.jpg\" width=\"252\" height=\"189\" \/><\/a><strong>2010 Audienz bei Luise<\/strong><br \/>\nvon Thomas Rau mit <a title=\"Regie Leopold Altenburg\" href=\"http:\/\/www.luise-laehnemann.de\/eigenproduktionen\" target=\"_blank\">Luise L\u00e4hnemann<\/a><br \/>\nUrauff\u00fchrung, Premierer: 10. M\u00e4rz 2010,<br \/>\nOpernpalais, Berlin<br \/>\n<a href=\"http:\/\/www.opernpalais.de\" target=\"_blank\"><br \/>\n<\/a><\/p>\n<p>&nbsp;<\/p>\n<p>&nbsp;<\/p>\n<p><a href=\"http:\/\/www.weisfeld.de\"><img loading=\"lazy\" decoding=\"async\" class=\"alignleft size-full wp-image-149\" alt=\"weisfeld\" src=\"http:\/\/leopoldaltenburg.com\/wp-content\/uploads\/2013\/08\/weisfeld.jpg\" width=\"252\" height=\"189\" \/><\/a><strong>2008 WEISFELD MACHT BLAU<\/strong><br \/>\nvon und mit <a title=\"Regie Leopold Altenburg\" href=\"http:\/\/www.weisfeld.de\" target=\"_blank\">Georg Weisfeld<\/a><br \/>\nUrauff\u00fchrung, Premierer:5. Oktober 2008,<br \/>\nScheinbar, Berlin<br \/>\n<a href=\"http:\/\/www.weisfeld.de\" target=\"_blank\"><br \/>\n<\/a><\/p>\n<p>&nbsp;<\/p>\n<p>&nbsp;<\/p>\n<p><a href=\"http:\/\/www.cumioco.de\"><img loading=\"lazy\" decoding=\"async\" class=\"alignleft size-full wp-image-159\" alt=\"ensemble\" src=\"http:\/\/leopoldaltenburg.com\/wp-content\/uploads\/2013\/08\/ensemble.jpg\" width=\"252\" height=\"189\" \/><\/a>Johannes Franke in<br \/>\n<strong>2007 ENSEMBLE PERD\u00da<\/strong><br \/>\nBuch: Thomas Rau<br \/>\nUrauff\u00fchrung, Premierer: 24. Mai 07,<br \/>\nVerl\u00e4ngertes Wohnzimmer, Berlin<br \/>\n<a href=\"http:\/\/www.cumioco.de\" target=\"_blank\">www.cumioco.de<\/a><\/p>\n<p>&nbsp;<\/p>\n<p>&nbsp;<\/p>\n<p><a href=\"http:\/\/www.juliane-zschau.de\"><img loading=\"lazy\" decoding=\"async\" class=\"alignleft size-full wp-image-158\" alt=\"europa\" src=\"http:\/\/leopoldaltenburg.com\/wp-content\/uploads\/2013\/08\/europa.jpg\" width=\"252\" height=\"189\" \/><\/a><strong>2007 DIE SCH\u00d6NE UND DER STIER<\/strong><br \/>\nvon Thomas Rau mit <a href=\"http:\/\/www.juliane-zschau.de\" target=\"_blank\">Juliane Zschau<\/a><br \/>\nUrauff\u00fchrung, Premierer: 21. Feb. 07,<br \/>\nGr\u00fcner Salon, Volksb\u00fcne Berlin<br \/>\n<a href=\"http:\/\/www.juliane-zschau.de\" target=\"_blank\"><br \/>\n<\/a><\/p>\n<p>&nbsp;<\/p>\n<p>&nbsp;<\/p>\n<p><img loading=\"lazy\" decoding=\"async\" class=\"alignleft size-full wp-image-156\" alt=\"herford\" src=\"http:\/\/leopoldaltenburg.com\/wp-content\/uploads\/2013\/08\/herford.jpg\" width=\"252\" height=\"189\" \/><\/p>\n<p><strong>2004 Genuss aus Herford<\/strong><br \/>\nBespielung einer Ausstellung im Herforder Stadtheater<\/p>\n<p>&nbsp;<\/p>\n<p>&nbsp;<\/p>\n<p>&nbsp;<\/p>\n<p><img loading=\"lazy\" decoding=\"async\" class=\"alignleft size-full wp-image-152\" alt=\"macbeth\" src=\"http:\/\/leopoldaltenburg.com\/wp-content\/uploads\/2013\/08\/macbeth.jpg\" width=\"252\" height=\"189\" \/><strong>2002 Macbeth<\/strong><br \/>\nvon William Shakespeare<br \/>\nAuff\u00fchrung im Ravensberger Park, Bielefeld<\/p>\n<p>&nbsp;<\/p>\n<p>&nbsp;<\/p>\n<p>&nbsp;<\/p>\n<p><img loading=\"lazy\" decoding=\"async\" class=\"alignleft size-full wp-image-150\" alt=\"schatten\" src=\"http:\/\/leopoldaltenburg.com\/wp-content\/uploads\/2013\/08\/schatten.jpg\" width=\"252\" height=\"189\" \/><\/p>\n<p><strong>2002 Der lange Schatten<\/strong><br \/>\nSzenencollage zum Thema \u201eRechtsradikalismus im Internet\u201c<br \/>\nArbeit mit Jugendlichen im Alter von 13 \u2013 18<br \/>\nTheaterlabor, Bielefeld<\/p>\n<p>&nbsp;<\/p>\n<p>&nbsp;<\/p>\n<p><img loading=\"lazy\" decoding=\"async\" class=\"alignleft size-full wp-image-162\" alt=\"alte\" src=\"http:\/\/leopoldaltenburg.com\/wp-content\/uploads\/2013\/08\/alte.jpg\" width=\"252\" height=\"189\" \/><\/p>\n<p><strong>2001 Die Alte<\/strong><br \/>\nnach einem Roman von Daniil Charms;<br \/>\nTheaterlabor, Bielefeld<\/p>\n<p>2002 Heidelberger Theatertagen<br \/>\n2005 Charmsfestival Amsterdam<\/p>\n<p>&nbsp;<\/p>\n<p>&nbsp;<\/p>\n<p><img loading=\"lazy\" decoding=\"async\" class=\"alignleft size-full wp-image-148\" alt=\"zofen\" src=\"http:\/\/leopoldaltenburg.com\/wp-content\/uploads\/2013\/08\/zofen.jpg\" width=\"252\" height=\"189\" \/><strong>2001 Die Zofen<\/strong><br \/>\nvon Jean Genet<br \/>\nTheaterlabor, Bielefeld<\/p>\n<p>&nbsp;<\/p>\n<p>&nbsp;<\/p>\n<p>&nbsp;<\/p>\n<p><img loading=\"lazy\" decoding=\"async\" class=\"alignleft size-full wp-image-161\" alt=\"ausflug\" src=\"http:\/\/leopoldaltenburg.com\/wp-content\/uploads\/2013\/08\/ausflug.jpg\" width=\"252\" height=\"189\" \/><strong>2000 Ausflug einer Gesellschaft<\/strong><br \/>\nSzenencollage zum Thema \u201eUtopie\u201c<br \/>\nmit Texten von Kafka, Charms, Bradbury u.a.;<br \/>\nTheaterlabor, Bielefeld<\/p>\n<p>&nbsp;<\/p>\n<p>&nbsp;<\/p>\n<p><img loading=\"lazy\" decoding=\"async\" class=\"alignleft size-full wp-image-154\" alt=\"kontrabass\" src=\"http:\/\/leopoldaltenburg.com\/wp-content\/uploads\/2013\/08\/kontrabass.jpg\" width=\"252\" height=\"189\" \/><\/p>\n<p><strong>1998 Der Kontrabass<\/strong><br \/>\nvon Patrick S\u00fc\u00dfkind<br \/>\nmit Otto Jankovich<br \/>\nMetropoldi, Wien<\/p>\n<p>&nbsp;<\/p>\n<p>&nbsp;<\/p>\n<p>&nbsp;<\/p>\n<p><img loading=\"lazy\" decoding=\"async\" class=\"alignleft size-full wp-image-155\" alt=\"hotzenplotz\" src=\"http:\/\/leopoldaltenburg.com\/wp-content\/uploads\/2013\/08\/hotzenplotz.jpg\" width=\"252\" height=\"189\" \/><\/p>\n<p><strong>1989 Der R\u00e4uber Hotzenplotz &#8211; Jack the Ripper?<\/strong><br \/>\nSuper8-Film<\/p>\n<p>&nbsp;<\/p>\n<p>&nbsp;<\/p>\n<p>&nbsp;<\/p>\n<p><img loading=\"lazy\" decoding=\"async\" class=\"alignleft size-full wp-image-157\" alt=\"faust\" src=\"http:\/\/leopoldaltenburg.com\/wp-content\/uploads\/2013\/08\/faust.jpg\" width=\"252\" height=\"189\" \/><\/p>\n<p><strong>1988 Faust der Streber<\/strong><br \/>\nAuff\u00fchrung der Klasse 8 E<br \/>\nMaturaball, Graz<\/p>\n<p>&nbsp;<\/p>\n<p>&nbsp;<\/p>\n<p>&nbsp;<\/p>\n<p>&nbsp;<\/p>\n","protected":false},"excerpt":{"rendered":"<p>2015 Alles au\u00dfer irdisch von und mit Alpar Fendo Premiere am 18. M\u00e4rz 2015 im Theater O-TonArt, Berlin &nbsp; &nbsp; &nbsp; &nbsp; 2013 Der Kontrabass von Patrick S\u00fcskind mit Fridolin Meinl Premiere am 10. Oktober 2013 &nbsp; &nbsp; &nbsp; 2012 &hellip; <a href=\"http:\/\/leopoldaltenburg.com\/?page_id=30\">Weiterlesen <span class=\"meta-nav\">&rarr;<\/span><\/a><\/p>\n","protected":false},"author":1,"featured_media":0,"parent":0,"menu_order":4,"comment_status":"closed","ping_status":"closed","template":"","meta":{"footnotes":""},"class_list":["post-30","page","type-page","status-publish","hentry"],"_links":{"self":[{"href":"http:\/\/leopoldaltenburg.com\/index.php?rest_route=\/wp\/v2\/pages\/30","targetHints":{"allow":["GET"]}}],"collection":[{"href":"http:\/\/leopoldaltenburg.com\/index.php?rest_route=\/wp\/v2\/pages"}],"about":[{"href":"http:\/\/leopoldaltenburg.com\/index.php?rest_route=\/wp\/v2\/types\/page"}],"author":[{"embeddable":true,"href":"http:\/\/leopoldaltenburg.com\/index.php?rest_route=\/wp\/v2\/users\/1"}],"replies":[{"embeddable":true,"href":"http:\/\/leopoldaltenburg.com\/index.php?rest_route=%2Fwp%2Fv2%2Fcomments&post=30"}],"version-history":[{"count":70,"href":"http:\/\/leopoldaltenburg.com\/index.php?rest_route=\/wp\/v2\/pages\/30\/revisions"}],"predecessor-version":[{"id":147,"href":"http:\/\/leopoldaltenburg.com\/index.php?rest_route=\/wp\/v2\/pages\/30\/revisions\/147"}],"wp:attachment":[{"href":"http:\/\/leopoldaltenburg.com\/index.php?rest_route=%2Fwp%2Fv2%2Fmedia&parent=30"}],"curies":[{"name":"wp","href":"https:\/\/api.w.org\/{rel}","templated":true}]}}