{"id":37,"date":"2013-07-25T19:35:43","date_gmt":"2013-07-25T19:35:43","guid":{"rendered":"http:\/\/leopoldaltenburg.com\/?page_id=37"},"modified":"2013-08-14T22:02:08","modified_gmt":"2013-08-14T20:02:08","slug":"workshop","status":"publish","type":"page","link":"http:\/\/leopoldaltenburg.com\/?page_id=37","title":{"rendered":"Workshop"},"content":{"rendered":"<p><strong>Clownworkshop &#8211; <\/strong><br \/>\n<strong> Die Kunst des Scheiterns<\/strong><img loading=\"lazy\" decoding=\"async\" class=\"alignright size-full wp-image-261\" style=\"border: 0px none;\" alt=\"workshop\" src=\"http:\/\/leopoldaltenburg.com\/wp-content\/uploads\/2013\/07\/workshop.jpg\" width=\"200\" height=\"312\" srcset=\"https:\/\/leopoldaltenburg.com\/wp-content\/uploads\/2013\/07\/workshop.jpg 200w, https:\/\/leopoldaltenburg.com\/wp-content\/uploads\/2013\/07\/workshop-192x300.jpg 192w\" sizes=\"auto, (max-width: 200px) 100vw, 200px\" \/><\/p>\n<p>Die Neugier und die Lust am Entdecken ist es, was den Clown vorantreibt, sein Ziel zu erreichen. Das Stolpern und Scheitern macht ihn nicht l\u00e4cherlich sondern noch liebenswerter. Niemand kann so gut seine Schw\u00e4chen in St\u00e4rken umwandeln wie ein Clown.<\/p>\n<p><strong> Zielgruppe:<\/strong><br \/>\nAnf\u00e4nger und Fortgeschrittene von 16 -99 Jahren<\/p>\n<p><strong>Ziel:<\/strong><br \/>\nDen eigenen Clown und die Komik in sich entdecken und dieses umsetzen in einer Szene.<\/p>\n<p><strong>Methode:<\/strong><br \/>\nDurch gezielte \u00dcbungen (Kreative K\u00f6rperentfaltung, Mime Corporel, Pantomime, K\u00f6rpersprache, Improvisation) werden wir auf spielerische Weise die Grundelemente des Clownspiels wie G\u00e4nge, Sprache, T\u00f6ne, Mimik, Ausdruck, Emotionen kennen lernen.<\/p>\n<p><strong>Inhalte:<\/strong><br \/>\nTechniken der Clownerie, Verfremden von Requisiten, Regeln der Komik, die T\u00fccken und Macken der Clowns, das Bewusstsein und die Wirkung des Lachens.<\/p>\n<p><strong>Intention:<\/strong><br \/>\nUmsetzen der eigenen Clownfigur, Arbeiten mit Requisiten, B\u00fchnenpr\u00e4senz, Entwickeln kleiner Nummern.<\/p>\n<p><strong> Mitzubringen:<\/strong><br \/>\nEine rote Nase, Kleidung, in der man viel Bewegungsfreiheit hat, Kost\u00fcmvorschlag (Hut, Jacke, Weste, Mantel), sowie eine beliebige Art von Koffer &#8211; Aktentasche, Reisetasche, Instrumentenkoffer\u2026<br \/>\nBringt auch Instrumente mit, egal wie gut ihr sie beherrscht.<\/p>\n<p><strong>Weitere Optionen f\u00fcr Workshops:<\/strong><br \/>\nSchauspielworkshop f\u00fcr Erwachsene, Jugendliche oder Kinder zu erw\u00fcnschten Thema und Inhalt<\/p>\n","protected":false},"excerpt":{"rendered":"<p>Clownworkshop &#8211; Die Kunst des Scheiterns Die Neugier und die Lust am Entdecken ist es, was den Clown vorantreibt, sein Ziel zu erreichen. Das Stolpern und Scheitern macht ihn nicht l\u00e4cherlich sondern noch liebenswerter. Niemand kann so gut seine Schw\u00e4chen &hellip; <a href=\"http:\/\/leopoldaltenburg.com\/?page_id=37\">Weiterlesen <span class=\"meta-nav\">&rarr;<\/span><\/a><\/p>\n","protected":false},"author":1,"featured_media":0,"parent":0,"menu_order":7,"comment_status":"closed","ping_status":"closed","template":"","meta":{"footnotes":""},"class_list":["post-37","page","type-page","status-publish","hentry"],"_links":{"self":[{"href":"http:\/\/leopoldaltenburg.com\/index.php?rest_route=\/wp\/v2\/pages\/37","targetHints":{"allow":["GET"]}}],"collection":[{"href":"http:\/\/leopoldaltenburg.com\/index.php?rest_route=\/wp\/v2\/pages"}],"about":[{"href":"http:\/\/leopoldaltenburg.com\/index.php?rest_route=\/wp\/v2\/types\/page"}],"author":[{"embeddable":true,"href":"http:\/\/leopoldaltenburg.com\/index.php?rest_route=\/wp\/v2\/users\/1"}],"replies":[{"embeddable":true,"href":"http:\/\/leopoldaltenburg.com\/index.php?rest_route=%2Fwp%2Fv2%2Fcomments&post=37"}],"version-history":[{"count":5,"href":"http:\/\/leopoldaltenburg.com\/index.php?rest_route=\/wp\/v2\/pages\/37\/revisions"}],"predecessor-version":[{"id":263,"href":"http:\/\/leopoldaltenburg.com\/index.php?rest_route=\/wp\/v2\/pages\/37\/revisions\/263"}],"wp:attachment":[{"href":"http:\/\/leopoldaltenburg.com\/index.php?rest_route=%2Fwp%2Fv2%2Fmedia&parent=37"}],"curies":[{"name":"wp","href":"https:\/\/api.w.org\/{rel}","templated":true}]}}