{"id":45,"date":"2013-07-25T19:37:03","date_gmt":"2013-07-25T19:37:03","guid":{"rendered":"http:\/\/leopoldaltenburg.com\/?page_id=45"},"modified":"2025-05-23T17:44:56","modified_gmt":"2025-05-23T15:44:56","slug":"kontaktimpressum","status":"publish","type":"page","link":"http:\/\/leopoldaltenburg.com\/?page_id=45","title":{"rendered":"Kontakt\/Impressum"},"content":{"rendered":"\n<p><strong>Booking<\/strong> <br>&#8222;Prinz und Clown&#8220;<br>&#8222;Austropold&#8220;<br>Theater Castelvecchio<\/p>\n\n\n\n<p><strong>B\u00fcro Leopold Altenburg<\/strong><br>info@leopoldaltenburg.com<br>+491782741367<\/p>\n\n\n\n<p><\/p>\n\n\n<p><strong><a href=\"http:\/\/leopoldaltenburg.com\/wp-content\/uploads\/2013\/04\/Lichtensteig.jpg\"><img loading=\"lazy\" decoding=\"async\" class=\"size-medium wp-image-453 alignright\" src=\"http:\/\/leopoldaltenburg.com\/wp-content\/uploads\/2013\/04\/Lichtensteig-300x200.jpg\" alt=\"Lichtensteig\" width=\"300\" height=\"200\" srcset=\"https:\/\/leopoldaltenburg.com\/wp-content\/uploads\/2013\/04\/Lichtensteig-300x200.jpg 300w, https:\/\/leopoldaltenburg.com\/wp-content\/uploads\/2013\/04\/Lichtensteig-447x300.jpg 447w, https:\/\/leopoldaltenburg.com\/wp-content\/uploads\/2013\/04\/Lichtensteig-150x100.jpg 150w, https:\/\/leopoldaltenburg.com\/wp-content\/uploads\/2013\/04\/Lichtensteig.jpg 960w\" sizes=\"auto, (max-width: 300px) 100vw, 300px\" \/><\/a><strong>Film und Fernsehen:<\/strong><\/strong><\/p>\n<p><strong> ZAV &#8211; K\u00fcnstlervermittlung, Berlin<br \/><\/strong>Tel.: +49-(0)30-55 55 99 &#8211; 68 34<br \/>Email:\u00a0<a title=\"zav-berlin-kv@arbeitsagentur.de\" href=\"mailto:zav-berlin-kv@arbeitsagentur.de\">zav-berlin-kv@arbeitsagentur.de<\/a><br \/><a title=\"Leopold Altenburg bei ZAV-Berlin\" href=\"http:\/\/zav.arbeitsagentur.de\/nn_459284\/kv\/Navigation\/Kontakt\/Berlin.html__nnn=true\" target=\"_blank\" rel=\"noopener noreferrer\">www.zav-kuenstlervermittlung.de<\/a><\/p>\n<p>&nbsp;<\/p>\n<hr \/>\n<p><strong>Haftungshinweis:<\/strong><br \/>Mit Urteil vom 12. Mai 1998 hat das Landgericht Hamburg entschieden, dass man durch die Anbringung eines Links die Inhalte der gelinkten Seite ggf. mit zu verantworten hat. Dies kann, so das LG, nur dadurch verhindert werden, indem man sich ausdr\u00fccklich von diesen Inhalten distanziert.<\/p>\n<p>Ich distanziere mich hiermit ausdr\u00fccklich von allen Inhalten aller gelinkten Seiten unterhalb meiner Seiten. Diese Erkl\u00e4rung gilt f\u00fcr alle auf meiner Internetpr\u00e4senz angezeigten Links und f\u00fcr alle Inhalte der Seiten, zu denen die bei mir angemeldeten Banner und Links f\u00fchren.<\/p>","protected":false},"excerpt":{"rendered":"<p>Booking &#8222;Prinz und Clown&#8220;&#8222;Austropold&#8220;Theater Castelvecchio B\u00fcro Leopold Altenburginfo@leopoldaltenburg.com+491782741367 Film und Fernsehen: ZAV &#8211; K\u00fcnstlervermittlung, BerlinTel.: +49-(0)30-55 55 99 &#8211; 68 34Email:\u00a0zav-berlin-kv@arbeitsagentur.dewww.zav-kuenstlervermittlung.de &nbsp; Haftungshinweis:Mit Urteil vom 12. Mai 1998 hat das Landgericht Hamburg entschieden, dass man durch die Anbringung eines Links &hellip; <a href=\"http:\/\/leopoldaltenburg.com\/?page_id=45\">Weiterlesen <span class=\"meta-nav\">&rarr;<\/span><\/a><\/p>\n","protected":false},"author":1,"featured_media":0,"parent":0,"menu_order":11,"comment_status":"closed","ping_status":"closed","template":"","meta":{"footnotes":""},"class_list":["post-45","page","type-page","status-publish","hentry"],"_links":{"self":[{"href":"http:\/\/leopoldaltenburg.com\/index.php?rest_route=\/wp\/v2\/pages\/45","targetHints":{"allow":["GET"]}}],"collection":[{"href":"http:\/\/leopoldaltenburg.com\/index.php?rest_route=\/wp\/v2\/pages"}],"about":[{"href":"http:\/\/leopoldaltenburg.com\/index.php?rest_route=\/wp\/v2\/types\/page"}],"author":[{"embeddable":true,"href":"http:\/\/leopoldaltenburg.com\/index.php?rest_route=\/wp\/v2\/users\/1"}],"replies":[{"embeddable":true,"href":"http:\/\/leopoldaltenburg.com\/index.php?rest_route=%2Fwp%2Fv2%2Fcomments&post=45"}],"version-history":[{"count":17,"href":"http:\/\/leopoldaltenburg.com\/index.php?rest_route=\/wp\/v2\/pages\/45\/revisions"}],"predecessor-version":[{"id":2258,"href":"http:\/\/leopoldaltenburg.com\/index.php?rest_route=\/wp\/v2\/pages\/45\/revisions\/2258"}],"wp:attachment":[{"href":"http:\/\/leopoldaltenburg.com\/index.php?rest_route=%2Fwp%2Fv2%2Fmedia&parent=45"}],"curies":[{"name":"wp","href":"https:\/\/api.w.org\/{rel}","templated":true}]}}